{"id":1214,"date":"2022-10-24T11:37:15","date_gmt":"2022-10-24T09:37:15","guid":{"rendered":"https:\/\/www.medibreak.it\/home\/"},"modified":"2022-12-14T16:29:19","modified_gmt":"2022-12-14T15:29:19","slug":"home","status":"publish","type":"page","link":"https:\/\/www.medibreak.it\/ro\/","title":{"rendered":"Home"},"content":{"rendered":"\t\t<div data-elementor-type=\"wp-page\" data-elementor-id=\"1214\" class=\"elementor elementor-1214 elementor-5\" data-elementor-post-type=\"page\">\n\t\t\t\t\t\t<section class=\"elementor-section elementor-top-section elementor-element elementor-element-4b2e2f4 elementor-section-boxed elementor-section-height-default elementor-section-height-default\" data-id=\"4b2e2f4\" data-element_type=\"section\" data-e-type=\"section\" data-settings=\"{&quot;background_background&quot;:&quot;classic&quot;}\">\n\t\t\t\t\t\t<div class=\"elementor-container elementor-column-gap-default\">\n\t\t\t\t\t<div class=\"elementor-column elementor-col-50 elementor-top-column elementor-element elementor-element-ce243b7\" data-id=\"ce243b7\" data-element_type=\"column\" data-e-type=\"column\">\n\t\t\t<div class=\"elementor-widget-wrap elementor-element-populated\">\n\t\t\t\t\t\t<div class=\"elementor-element elementor-element-6874e18 elementor-widget elementor-widget-heading\" data-id=\"6874e18\" data-element_type=\"widget\" data-e-type=\"widget\" data-widget_type=\"heading.default\">\n\t\t\t\t<div class=\"elementor-widget-container\">\n\t\t\t\t\t<h1 class=\"elementor-heading-title elementor-size-default\">O cafea bun\u0103<\/h1>\t\t\t\t<\/div>\n\t\t\t\t<\/div>\n\t\t\t\t<div class=\"elementor-element elementor-element-e50d0de elementor-widget elementor-widget-text-editor\" data-id=\"e50d0de\" data-element_type=\"widget\" data-e-type=\"widget\" data-widget_type=\"text-editor.default\">\n\t\t\t\t<div class=\"elementor-widget-container\">\n\t\t\t\t\t\t\t\t\t<p>Mirosul boabelor proasp\u0103t m\u0103cinate, g\u00e2lg\u00e2itul cafelei moca, discu\u021biile la bar: cafeaua \u00eenseamn\u0103 multe lucruri \u0219i nu este nevoie de un somelier pentru a realiza c\u00e2t de speciale acestea sunt.<\/p>\n\t\t\t\t\t\t\t\t<\/div>\n\t\t\t\t<\/div>\n\t\t\t\t<div class=\"elementor-element elementor-element-7d9b970 elementor-widget elementor-widget-text-editor\" data-id=\"7d9b970\" data-element_type=\"widget\" data-e-type=\"widget\" data-widget_type=\"text-editor.default\">\n\t\t\t\t<div class=\"elementor-widget-container\">\n\t\t\t\t\t\t\t\t\t<p>Alege\u021bi-o pe cea mai bun\u0103 \u0219i nu v\u0103 gr\u0103bi\u021bi, pentru c\u0103 prin aceasta se face diferen\u021ba \u00eentre o cafea \u0219i o cafea bun\u0103.<\/p>\n\t\t\t\t\t\t\t\t<\/div>\n\t\t\t\t<\/div>\n\t\t\t\t<div class=\"elementor-element elementor-element-385bab8 elementor-align-left elementor-widget elementor-widget-button\" data-id=\"385bab8\" data-element_type=\"widget\" data-e-type=\"widget\" data-widget_type=\"button.default\">\n\t\t\t\t<div class=\"elementor-widget-container\">\n\t\t\t\t\t\t\t\t\t<div class=\"elementor-button-wrapper\">\n\t\t\t\t\t<a class=\"elementor-button elementor-button-link elementor-size-md\" href=\"https:\/\/www.medibreak.it\/ro\/manifestul-cafelei\/\">\n\t\t\t\t\t\t<span class=\"elementor-button-content-wrapper\">\n\t\t\t\t\t\t\t\t\t<span class=\"elementor-button-text\">Afla\u021bi mai multe<\/span>\n\t\t\t\t\t<\/span>\n\t\t\t\t\t<\/a>\n\t\t\t\t<\/div>\n\t\t\t\t\t\t\t\t<\/div>\n\t\t\t\t<\/div>\n\t\t\t\t\t<\/div>\n\t\t<\/div>\n\t\t\t\t<div class=\"elementor-column elementor-col-50 elementor-top-column elementor-element elementor-element-9d53329\" data-id=\"9d53329\" data-element_type=\"column\" data-e-type=\"column\">\n\t\t\t<div class=\"elementor-widget-wrap elementor-element-populated\">\n\t\t\t\t\t\t<div class=\"elementor-element elementor-element-e1fca13 e-transform elementor-widget elementor-widget-image\" data-id=\"e1fca13\" data-element_type=\"widget\" data-e-type=\"widget\" data-settings=\"{&quot;_transform_translateY_effect&quot;:{&quot;unit&quot;:&quot;%&quot;,&quot;size&quot;:38,&quot;sizes&quot;:[]},&quot;motion_fx_motion_fx_scrolling&quot;:&quot;yes&quot;,&quot;motion_fx_devices&quot;:[&quot;desktop&quot;,&quot;tablet&quot;],&quot;_transform_translateY_effect_tablet&quot;:{&quot;unit&quot;:&quot;%&quot;,&quot;size&quot;:&quot;&quot;,&quot;sizes&quot;:[]},&quot;_transform_translateY_effect_mobile&quot;:{&quot;unit&quot;:&quot;px&quot;,&quot;size&quot;:150,&quot;sizes&quot;:[]},&quot;_transform_translateX_effect&quot;:{&quot;unit&quot;:&quot;px&quot;,&quot;size&quot;:&quot;&quot;,&quot;sizes&quot;:[]},&quot;_transform_translateX_effect_tablet&quot;:{&quot;unit&quot;:&quot;px&quot;,&quot;size&quot;:&quot;&quot;,&quot;sizes&quot;:[]},&quot;_transform_translateX_effect_mobile&quot;:{&quot;unit&quot;:&quot;px&quot;,&quot;size&quot;:&quot;&quot;,&quot;sizes&quot;:[]}}\" data-widget_type=\"image.default\">\n\t\t\t\t<div class=\"elementor-widget-container\">\n\t\t\t\t\t\t\t\t\t\t\t\t\t\t\t<img fetchpriority=\"high\" decoding=\"async\" width=\"768\" height=\"668\" src=\"https:\/\/www.medibreak.it\/wp-content\/uploads\/DL-Caffe-Hero-pack-1-768x668.png\" class=\"attachment-medium_large size-medium_large wp-image-1098\" alt=\"\" srcset=\"https:\/\/www.medibreak.it\/wp-content\/uploads\/DL-Caffe-Hero-pack-1-768x668.png 768w, https:\/\/www.medibreak.it\/wp-content\/uploads\/DL-Caffe-Hero-pack-1-300x261.png 300w, https:\/\/www.medibreak.it\/wp-content\/uploads\/DL-Caffe-Hero-pack-1-600x522.png 600w, https:\/\/www.medibreak.it\/wp-content\/uploads\/DL-Caffe-Hero-pack-1-1024x890.png 1024w, https:\/\/www.medibreak.it\/wp-content\/uploads\/DL-Caffe-Hero-pack-1-150x130.png 150w, https:\/\/www.medibreak.it\/wp-content\/uploads\/DL-Caffe-Hero-pack-1.png 1380w\" sizes=\"(max-width: 768px) 100vw, 768px\" \/>\t\t\t\t\t\t\t\t\t\t\t\t\t\t\t<\/div>\n\t\t\t\t<\/div>\n\t\t\t\t\t<\/div>\n\t\t<\/div>\n\t\t\t\t\t<\/div>\n\t\t<\/section>\n\t\t\t\t<section class=\"elementor-section elementor-top-section elementor-element elementor-element-820973c elementor-section-boxed elementor-section-height-default elementor-section-height-default\" data-id=\"820973c\" data-element_type=\"section\" data-e-type=\"section\" data-settings=\"{&quot;background_background&quot;:&quot;classic&quot;}\">\n\t\t\t\t\t\t<div class=\"elementor-container elementor-column-gap-default\">\n\t\t\t\t\t<div class=\"elementor-column elementor-col-100 elementor-top-column elementor-element elementor-element-8dfb26a\" data-id=\"8dfb26a\" data-element_type=\"column\" data-e-type=\"column\">\n\t\t\t<div class=\"elementor-widget-wrap elementor-element-populated\">\n\t\t\t\t\t\t<div class=\"elementor-element elementor-element-dc7adbf elementor-widget elementor-widget-image\" data-id=\"dc7adbf\" data-element_type=\"widget\" data-e-type=\"widget\" data-widget_type=\"image.default\">\n\t\t\t\t<div class=\"elementor-widget-container\">\n\t\t\t\t\t\t\t\t\t\t\t\t\t\t\t<img decoding=\"async\" width=\"256\" height=\"66\" src=\"https:\/\/www.medibreak.it\/wp-content\/uploads\/chicchi-2x.png\" class=\"attachment-full size-full wp-image-1100\" alt=\"\" srcset=\"https:\/\/www.medibreak.it\/wp-content\/uploads\/chicchi-2x.png 256w, https:\/\/www.medibreak.it\/wp-content\/uploads\/chicchi-2x-150x39.png 150w\" sizes=\"(max-width: 256px) 100vw, 256px\" \/>\t\t\t\t\t\t\t\t\t\t\t\t\t\t\t<\/div>\n\t\t\t\t<\/div>\n\t\t\t\t<div class=\"elementor-element elementor-element-6fc409e elementor-widget elementor-widget-heading\" data-id=\"6fc409e\" data-element_type=\"widget\" data-e-type=\"widget\" data-widget_type=\"heading.default\">\n\t\t\t\t<div class=\"elementor-widget-container\">\n\t\t\t\t\t<h2 class=\"elementor-heading-title elementor-size-default\">G\u0103si\u021bi amestecul potrivit pentru dumneavoastr\u0103<\/h2>\t\t\t\t<\/div>\n\t\t\t\t<\/div>\n\t\t\t\t<div class=\"elementor-element elementor-element-a5b1bc7 elementor-hidden-mobile elementor-widget elementor-widget-text-editor\" data-id=\"a5b1bc7\" data-element_type=\"widget\" data-e-type=\"widget\" data-widget_type=\"text-editor.default\">\n\t\t\t\t<div class=\"elementor-widget-container\">\n\t\t\t\t\t\t\t\t\t<p>V\u0103 prezent\u0103m amestecurile noastre: le realiz\u0103m cu mult\u0103 dragoste, cu cele mai bune boabe ce provin din \u00eentreaga lume.<\/p>\n\t\t\t\t\t\t\t\t<\/div>\n\t\t\t\t<\/div>\n\t\t\t\t<div class=\"elementor-element elementor-element-dea12c0 elementor-align-center elementor-hidden-mobile elementor-widget elementor-widget-button\" data-id=\"dea12c0\" data-element_type=\"widget\" data-e-type=\"widget\" data-widget_type=\"button.default\">\n\t\t\t\t<div class=\"elementor-widget-container\">\n\t\t\t\t\t\t\t\t\t<div class=\"elementor-button-wrapper\">\n\t\t\t\t\t<a class=\"elementor-button elementor-button-link elementor-size-md\" href=\"https:\/\/www.medibreak.it\/ro\/negozio\/\">\n\t\t\t\t\t\t<span class=\"elementor-button-content-wrapper\">\n\t\t\t\t\t\t\t\t\t<span class=\"elementor-button-text\">Descoperi\u021bi \u0219i cump\u0103ra\u021bi<\/span>\n\t\t\t\t\t<\/span>\n\t\t\t\t\t<\/a>\n\t\t\t\t<\/div>\n\t\t\t\t\t\t\t\t<\/div>\n\t\t\t\t<\/div>\n\t\t\t\t\t<\/div>\n\t\t<\/div>\n\t\t\t\t\t<\/div>\n\t\t<\/section>\n\t\t\t\t<section class=\"elementor-section elementor-top-section elementor-element elementor-element-1fcf962 elementor-hidden-mobile elementor-section-boxed elementor-section-height-default elementor-section-height-default\" data-id=\"1fcf962\" data-element_type=\"section\" data-e-type=\"section\">\n\t\t\t\t\t\t<div class=\"elementor-container elementor-column-gap-default\">\n\t\t\t\t\t<div class=\"elementor-column elementor-col-100 elementor-top-column elementor-element elementor-element-34fcf5f\" data-id=\"34fcf5f\" data-element_type=\"column\" data-e-type=\"column\">\n\t\t\t<div class=\"elementor-widget-wrap elementor-element-populated\">\n\t\t\t\t\t\t<div class=\"elementor-element elementor-element-5fd63f4 e-transform elementor-widget elementor-widget-image\" data-id=\"5fd63f4\" data-element_type=\"widget\" data-e-type=\"widget\" data-settings=\"{&quot;_transform_translateY_effect&quot;:{&quot;unit&quot;:&quot;px&quot;,&quot;size&quot;:-200,&quot;sizes&quot;:[]},&quot;_transform_translateY_effect_tablet&quot;:{&quot;unit&quot;:&quot;px&quot;,&quot;size&quot;:-90,&quot;sizes&quot;:[]},&quot;_transform_translateY_effect_mobile&quot;:{&quot;unit&quot;:&quot;px&quot;,&quot;size&quot;:-130,&quot;sizes&quot;:[]},&quot;_transform_translateX_effect&quot;:{&quot;unit&quot;:&quot;px&quot;,&quot;size&quot;:&quot;&quot;,&quot;sizes&quot;:[]},&quot;_transform_translateX_effect_tablet&quot;:{&quot;unit&quot;:&quot;px&quot;,&quot;size&quot;:&quot;&quot;,&quot;sizes&quot;:[]},&quot;_transform_translateX_effect_mobile&quot;:{&quot;unit&quot;:&quot;px&quot;,&quot;size&quot;:&quot;&quot;,&quot;sizes&quot;:[]}}\" data-widget_type=\"image.default\">\n\t\t\t\t<div class=\"elementor-widget-container\">\n\t\t\t\t\t\t\t\t\t\t\t\t\t\t\t<img decoding=\"async\" width=\"1440\" height=\"635\" src=\"https:\/\/www.medibreak.it\/wp-content\/uploads\/DL-Caffe-Gamma-Pack.png\" class=\"attachment-full size-full wp-image-1104\" alt=\"\" srcset=\"https:\/\/www.medibreak.it\/wp-content\/uploads\/DL-Caffe-Gamma-Pack.png 1440w, https:\/\/www.medibreak.it\/wp-content\/uploads\/DL-Caffe-Gamma-Pack-300x132.png 300w, https:\/\/www.medibreak.it\/wp-content\/uploads\/DL-Caffe-Gamma-Pack-600x265.png 600w, https:\/\/www.medibreak.it\/wp-content\/uploads\/DL-Caffe-Gamma-Pack-1024x452.png 1024w, https:\/\/www.medibreak.it\/wp-content\/uploads\/DL-Caffe-Gamma-Pack-150x66.png 150w, https:\/\/www.medibreak.it\/wp-content\/uploads\/DL-Caffe-Gamma-Pack-768x339.png 768w\" sizes=\"(max-width: 1440px) 100vw, 1440px\" \/>\t\t\t\t\t\t\t\t\t\t\t\t\t\t\t<\/div>\n\t\t\t\t<\/div>\n\t\t\t\t\t<\/div>\n\t\t<\/div>\n\t\t\t\t\t<\/div>\n\t\t<\/section>\n\t\t\t\t<section class=\"elementor-section elementor-top-section elementor-element elementor-element-079d5fb elementor-hidden-desktop elementor-hidden-tablet elementor-section-boxed elementor-section-height-default elementor-section-height-default\" data-id=\"079d5fb\" data-element_type=\"section\" data-e-type=\"section\" data-settings=\"{&quot;background_background&quot;:&quot;classic&quot;}\">\n\t\t\t\t\t\t<div class=\"elementor-container elementor-column-gap-default\">\n\t\t\t\t\t<div class=\"elementor-column elementor-col-100 elementor-top-column elementor-element elementor-element-373987f\" data-id=\"373987f\" data-element_type=\"column\" data-e-type=\"column\">\n\t\t\t<div class=\"elementor-widget-wrap elementor-element-populated\">\n\t\t\t\t\t\t<div class=\"elementor-element elementor-element-9f6d081 elementor-widget elementor-widget-image\" data-id=\"9f6d081\" data-element_type=\"widget\" data-e-type=\"widget\" data-widget_type=\"image.default\">\n\t\t\t\t<div class=\"elementor-widget-container\">\n\t\t\t\t\t\t\t\t\t\t\t\t\t\t\t<img loading=\"lazy\" decoding=\"async\" width=\"780\" height=\"470\" src=\"https:\/\/www.medibreak.it\/wp-content\/uploads\/DL-Caffe-Gamma-Pack-mobile.jpg\" class=\"attachment-large size-large wp-image-1108\" alt=\"\" srcset=\"https:\/\/www.medibreak.it\/wp-content\/uploads\/DL-Caffe-Gamma-Pack-mobile.jpg 780w, https:\/\/www.medibreak.it\/wp-content\/uploads\/DL-Caffe-Gamma-Pack-mobile-300x181.jpg 300w, https:\/\/www.medibreak.it\/wp-content\/uploads\/DL-Caffe-Gamma-Pack-mobile-600x362.jpg 600w, https:\/\/www.medibreak.it\/wp-content\/uploads\/DL-Caffe-Gamma-Pack-mobile-150x90.jpg 150w, https:\/\/www.medibreak.it\/wp-content\/uploads\/DL-Caffe-Gamma-Pack-mobile-768x463.jpg 768w\" sizes=\"(max-width: 780px) 100vw, 780px\" \/>\t\t\t\t\t\t\t\t\t\t\t\t\t\t\t<\/div>\n\t\t\t\t<\/div>\n\t\t\t\t\t<\/div>\n\t\t<\/div>\n\t\t\t\t\t<\/div>\n\t\t<\/section>\n\t\t\t\t<section class=\"elementor-section elementor-top-section elementor-element elementor-element-afdb96c elementor-hidden-desktop elementor-hidden-tablet elementor-section-boxed elementor-section-height-default elementor-section-height-default\" data-id=\"afdb96c\" data-element_type=\"section\" data-e-type=\"section\">\n\t\t\t\t\t\t<div class=\"elementor-container elementor-column-gap-default\">\n\t\t\t\t\t<div class=\"elementor-column elementor-col-100 elementor-top-column elementor-element elementor-element-2c29cc9\" data-id=\"2c29cc9\" data-element_type=\"column\" data-e-type=\"column\">\n\t\t\t<div class=\"elementor-widget-wrap elementor-element-populated\">\n\t\t\t\t\t\t<div class=\"elementor-element elementor-element-72c7a5f elementor-widget elementor-widget-text-editor\" data-id=\"72c7a5f\" data-element_type=\"widget\" data-e-type=\"widget\" data-widget_type=\"text-editor.default\">\n\t\t\t\t<div class=\"elementor-widget-container\">\n\t\t\t\t\t\t\t\t\t<p>Alege\u021bi-o pe cea mai bun\u0103 \u0219i nu v\u0103 gr\u0103bi\u021bi, pentru c\u0103 prin aceasta se face diferen\u021ba \u00eentre o cafea \u0219i o cafea bun\u0103.<\/p>\n\t\t\t\t\t\t\t\t<\/div>\n\t\t\t\t<\/div>\n\t\t\t\t<div class=\"elementor-element elementor-element-67fbfb6 elementor-align-center elementor-widget elementor-widget-button\" data-id=\"67fbfb6\" data-element_type=\"widget\" data-e-type=\"widget\" data-widget_type=\"button.default\">\n\t\t\t\t<div class=\"elementor-widget-container\">\n\t\t\t\t\t\t\t\t\t<div class=\"elementor-button-wrapper\">\n\t\t\t\t\t<a class=\"elementor-button elementor-button-link elementor-size-md\" href=\"https:\/\/www.medibreak.it\/ro\/negozio\/\">\n\t\t\t\t\t\t<span class=\"elementor-button-content-wrapper\">\n\t\t\t\t\t\t\t\t\t<span class=\"elementor-button-text\">Descoper\u0103-le pe toate<\/span>\n\t\t\t\t\t<\/span>\n\t\t\t\t\t<\/a>\n\t\t\t\t<\/div>\n\t\t\t\t\t\t\t\t<\/div>\n\t\t\t\t<\/div>\n\t\t\t\t\t<\/div>\n\t\t<\/div>\n\t\t\t\t\t<\/div>\n\t\t<\/section>\n\t\t\t\t<section class=\"elementor-section elementor-top-section elementor-element elementor-element-fd4e37d elementor-section-boxed elementor-section-height-default elementor-section-height-default\" data-id=\"fd4e37d\" data-element_type=\"section\" data-e-type=\"section\" data-settings=\"{&quot;background_background&quot;:&quot;classic&quot;}\">\n\t\t\t\t\t\t<div class=\"elementor-container elementor-column-gap-default\">\n\t\t\t\t\t<div class=\"elementor-column elementor-col-100 elementor-top-column elementor-element elementor-element-de044a8\" data-id=\"de044a8\" data-element_type=\"column\" data-e-type=\"column\">\n\t\t\t<div class=\"elementor-widget-wrap elementor-element-populated\">\n\t\t\t\t\t\t<div class=\"elementor-element elementor-element-17e9345 elementor-widget elementor-widget-heading\" data-id=\"17e9345\" data-element_type=\"widget\" data-e-type=\"widget\" data-widget_type=\"heading.default\">\n\t\t\t\t<div class=\"elementor-widget-container\">\n\t\t\t\t\t<h2 class=\"elementor-heading-title elementor-size-default\">Ca de obicei?<\/h2>\t\t\t\t<\/div>\n\t\t\t\t<\/div>\n\t\t\t\t\t<\/div>\n\t\t<\/div>\n\t\t\t\t\t<\/div>\n\t\t<\/section>\n\t\t\t\t<section class=\"elementor-section elementor-top-section elementor-element elementor-element-f81a83a elementor-section-boxed elementor-section-height-default elementor-section-height-default\" data-id=\"f81a83a\" data-element_type=\"section\" data-e-type=\"section\" data-settings=\"{&quot;background_background&quot;:&quot;classic&quot;}\">\n\t\t\t\t\t\t<div class=\"elementor-container elementor-column-gap-default\">\n\t\t\t\t\t<div class=\"elementor-column elementor-col-50 elementor-top-column elementor-element elementor-element-27d68a7\" data-id=\"27d68a7\" data-element_type=\"column\" data-e-type=\"column\">\n\t\t\t<div class=\"elementor-widget-wrap elementor-element-populated\">\n\t\t\t\t\t\t<div class=\"elementor-element elementor-element-02d6bd3 elementor-widget elementor-widget-text-editor\" data-id=\"02d6bd3\" data-element_type=\"widget\" data-e-type=\"widget\" data-widget_type=\"text-editor.default\">\n\t\t\t\t<div class=\"elementor-widget-container\">\n\t\t\t\t\t\t\t\t\t<p>De mai bine de \u0219aizeci de ani, preg\u0103tim adev\u0103ratul espresso italian prin selectarea celor mai bune boabe \u0219i pr\u0103jirea acestora cu grij\u0103, din fiecare origine \u00een parte.<\/p>\n\t\t\t\t\t\t\t\t<\/div>\n\t\t\t\t<\/div>\n\t\t\t\t<div class=\"elementor-element elementor-element-60f72bc elementor-align-left elementor-tablet-align-center elementor-mobile-align-center elementor-widget elementor-widget-button\" data-id=\"60f72bc\" data-element_type=\"widget\" data-e-type=\"widget\" data-widget_type=\"button.default\">\n\t\t\t\t<div class=\"elementor-widget-container\">\n\t\t\t\t\t\t\t\t\t<div class=\"elementor-button-wrapper\">\n\t\t\t\t\t<a class=\"elementor-button elementor-button-link elementor-size-md\" href=\"https:\/\/www.medibreak.it\/ro\/negozio\/\">\n\t\t\t\t\t\t<span class=\"elementor-button-content-wrapper\">\n\t\t\t\t\t\t\t\t\t<span class=\"elementor-button-text\">Afla\u021bi cum<\/span>\n\t\t\t\t\t<\/span>\n\t\t\t\t\t<\/a>\n\t\t\t\t<\/div>\n\t\t\t\t\t\t\t\t<\/div>\n\t\t\t\t<\/div>\n\t\t\t\t\t<\/div>\n\t\t<\/div>\n\t\t\t\t<div class=\"elementor-column elementor-col-50 elementor-top-column elementor-element elementor-element-dfc24ea\" data-id=\"dfc24ea\" data-element_type=\"column\" data-e-type=\"column\">\n\t\t\t<div class=\"elementor-widget-wrap elementor-element-populated\">\n\t\t\t\t\t\t<div class=\"elementor-element elementor-element-bb62fb8 elementor-widget elementor-widget-image\" data-id=\"bb62fb8\" data-element_type=\"widget\" data-e-type=\"widget\" data-widget_type=\"image.default\">\n\t\t\t\t<div class=\"elementor-widget-container\">\n\t\t\t\t\t\t\t\t\t\t\t\t\t\t\t<img loading=\"lazy\" decoding=\"async\" width=\"1620\" height=\"1250\" src=\"https:\/\/www.medibreak.it\/wp-content\/uploads\/DL-Caffe-Torrefazione.jpg\" class=\"attachment-full size-full wp-image-1114\" alt=\"\" srcset=\"https:\/\/www.medibreak.it\/wp-content\/uploads\/DL-Caffe-Torrefazione.jpg 1620w, https:\/\/www.medibreak.it\/wp-content\/uploads\/DL-Caffe-Torrefazione-300x231.jpg 300w, https:\/\/www.medibreak.it\/wp-content\/uploads\/DL-Caffe-Torrefazione-600x463.jpg 600w, https:\/\/www.medibreak.it\/wp-content\/uploads\/DL-Caffe-Torrefazione-1024x790.jpg 1024w, https:\/\/www.medibreak.it\/wp-content\/uploads\/DL-Caffe-Torrefazione-150x116.jpg 150w, https:\/\/www.medibreak.it\/wp-content\/uploads\/DL-Caffe-Torrefazione-768x593.jpg 768w, https:\/\/www.medibreak.it\/wp-content\/uploads\/DL-Caffe-Torrefazione-1536x1185.jpg 1536w\" sizes=\"(max-width: 1620px) 100vw, 1620px\" \/>\t\t\t\t\t\t\t\t\t\t\t\t\t\t\t<\/div>\n\t\t\t\t<\/div>\n\t\t\t\t\t<\/div>\n\t\t<\/div>\n\t\t\t\t\t<\/div>\n\t\t<\/section>\n\t\t\t\t<section class=\"elementor-section elementor-top-section elementor-element elementor-element-fba9e5b elementor-section-boxed elementor-section-height-default elementor-section-height-default\" data-id=\"fba9e5b\" data-element_type=\"section\" data-e-type=\"section\">\n\t\t\t\t\t\t<div class=\"elementor-container elementor-column-gap-default\">\n\t\t\t\t\t<div class=\"elementor-column elementor-col-100 elementor-top-column elementor-element elementor-element-8761aaa\" data-id=\"8761aaa\" data-element_type=\"column\" data-e-type=\"column\">\n\t\t\t<div class=\"elementor-widget-wrap elementor-element-populated\">\n\t\t\t\t\t\t<section class=\"elementor-section elementor-inner-section elementor-element elementor-element-daf6d92 elementor-section-boxed elementor-section-height-default elementor-section-height-default\" data-id=\"daf6d92\" data-element_type=\"section\" data-e-type=\"section\" data-settings=\"{&quot;background_background&quot;:&quot;classic&quot;}\">\n\t\t\t\t\t\t<div class=\"elementor-container elementor-column-gap-default\">\n\t\t\t\t\t<div class=\"elementor-column elementor-col-50 elementor-inner-column elementor-element elementor-element-9053a14\" data-id=\"9053a14\" data-element_type=\"column\" data-e-type=\"column\">\n\t\t\t<div class=\"elementor-widget-wrap elementor-element-populated\">\n\t\t\t\t\t\t<div class=\"elementor-element elementor-element-43cd0d8 e-transform elementor-widget elementor-widget-image\" data-id=\"43cd0d8\" data-element_type=\"widget\" data-e-type=\"widget\" data-settings=\"{&quot;_transform_translateY_effect&quot;:{&quot;unit&quot;:&quot;px&quot;,&quot;size&quot;:-150,&quot;sizes&quot;:[]},&quot;_transform_translateY_effect_tablet&quot;:{&quot;unit&quot;:&quot;px&quot;,&quot;size&quot;:-80,&quot;sizes&quot;:[]},&quot;_transform_translateX_effect&quot;:{&quot;unit&quot;:&quot;px&quot;,&quot;size&quot;:&quot;&quot;,&quot;sizes&quot;:[]},&quot;_transform_translateX_effect_tablet&quot;:{&quot;unit&quot;:&quot;px&quot;,&quot;size&quot;:&quot;&quot;,&quot;sizes&quot;:[]},&quot;_transform_translateX_effect_mobile&quot;:{&quot;unit&quot;:&quot;px&quot;,&quot;size&quot;:&quot;&quot;,&quot;sizes&quot;:[]},&quot;_transform_translateY_effect_mobile&quot;:{&quot;unit&quot;:&quot;px&quot;,&quot;size&quot;:&quot;&quot;,&quot;sizes&quot;:[]}}\" data-widget_type=\"image.default\">\n\t\t\t\t<div class=\"elementor-widget-container\">\n\t\t\t\t\t\t\t\t\t\t\t\t\t\t\t<img loading=\"lazy\" decoding=\"async\" width=\"830\" height=\"1040\" src=\"https:\/\/www.medibreak.it\/wp-content\/uploads\/DL-Caffe-Contatti.jpg\" class=\"attachment-full size-full wp-image-1110\" alt=\"\" srcset=\"https:\/\/www.medibreak.it\/wp-content\/uploads\/DL-Caffe-Contatti.jpg 830w, https:\/\/www.medibreak.it\/wp-content\/uploads\/DL-Caffe-Contatti-300x376.jpg 300w, https:\/\/www.medibreak.it\/wp-content\/uploads\/DL-Caffe-Contatti-600x752.jpg 600w, https:\/\/www.medibreak.it\/wp-content\/uploads\/DL-Caffe-Contatti-150x188.jpg 150w, https:\/\/www.medibreak.it\/wp-content\/uploads\/DL-Caffe-Contatti-768x962.jpg 768w\" sizes=\"(max-width: 830px) 100vw, 830px\" \/>\t\t\t\t\t\t\t\t\t\t\t\t\t\t\t<\/div>\n\t\t\t\t<\/div>\n\t\t\t\t\t<\/div>\n\t\t<\/div>\n\t\t\t\t<div class=\"elementor-column elementor-col-50 elementor-inner-column elementor-element elementor-element-6c50873\" data-id=\"6c50873\" data-element_type=\"column\" data-e-type=\"column\">\n\t\t\t<div class=\"elementor-widget-wrap elementor-element-populated\">\n\t\t\t\t\t\t<div class=\"elementor-element elementor-element-a2e3d95 elementor-widget elementor-widget-heading\" data-id=\"a2e3d95\" data-element_type=\"widget\" data-e-type=\"widget\" data-widget_type=\"heading.default\">\n\t\t\t\t<div class=\"elementor-widget-container\">\n\t\t\t\t\t<h2 class=\"elementor-heading-title elementor-size-default\">Haide\u021bi s\u0103 discut\u0103m<\/h2>\t\t\t\t<\/div>\n\t\t\t\t<\/div>\n\t\t\t\t<div class=\"elementor-element elementor-element-c1a6680 elementor-widget elementor-widget-text-editor\" data-id=\"c1a6680\" data-element_type=\"widget\" data-e-type=\"widget\" data-widget_type=\"text-editor.default\">\n\t\t\t\t<div class=\"elementor-widget-container\">\n\t\t\t\t\t\t\t\t\t<p>Vre\u021bi s\u0103 distribui\u021bi cafeaua noastr\u0103? Ave\u021bi un restaurant sau un bar \u0219i v\u0103 g\u00e2ndi\u021bi s\u0103 face\u021bi astfel \u00eenc\u00e2t experien\u021ba clien\u021bilor dumneavoastr\u0103 s\u0103 fie \u0219i mai pl\u0103cut\u0103?<\/p>\n\t\t\t\t\t\t\t\t<\/div>\n\t\t\t\t<\/div>\n\t\t\t\t<div class=\"elementor-element elementor-element-78dd1ea elementor-align-left elementor-mobile-align-center elementor-widget elementor-widget-button\" data-id=\"78dd1ea\" data-element_type=\"widget\" data-e-type=\"widget\" data-widget_type=\"button.default\">\n\t\t\t\t<div class=\"elementor-widget-container\">\n\t\t\t\t\t\t\t\t\t<div class=\"elementor-button-wrapper\">\n\t\t\t\t\t<a class=\"elementor-button elementor-button-link elementor-size-md\" href=\"https:\/\/www.medibreak.it\/ro\/negozio\/\">\n\t\t\t\t\t\t<span class=\"elementor-button-content-wrapper\">\n\t\t\t\t\t\t\t\t\t<span class=\"elementor-button-text\">Contacta\u021bi-ne<\/span>\n\t\t\t\t\t<\/span>\n\t\t\t\t\t<\/a>\n\t\t\t\t<\/div>\n\t\t\t\t\t\t\t\t<\/div>\n\t\t\t\t<\/div>\n\t\t\t\t\t<\/div>\n\t\t<\/div>\n\t\t\t\t\t<\/div>\n\t\t<\/section>\n\t\t\t\t\t<\/div>\n\t\t<\/div>\n\t\t\t\t\t<\/div>\n\t\t<\/section>\n\t\t\t\t<\/div>\n\t\t","protected":false},"excerpt":{"rendered":"<p>O cafea bun\u0103 Mirosul boabelor proasp\u0103t m\u0103cinate, g\u00e2lg\u00e2itul cafelei moca, discu\u021biile la bar: cafeaua \u00eenseamn\u0103 multe lucruri \u0219i nu este nevoie de un somelier pentru a realiza c\u00e2t de speciale acestea sunt. Alege\u021bi-o pe cea mai bun\u0103 \u0219i nu v\u0103 gr\u0103bi\u021bi, pentru c\u0103 prin aceasta se face diferen\u021ba \u00eentre o cafea \u0219i o cafea bun\u0103. [&hellip;]<\/p>\n","protected":false},"author":1,"featured_media":0,"parent":0,"menu_order":0,"comment_status":"closed","ping_status":"closed","template":"","meta":{"footnotes":""},"class_list":["post-1214","page","type-page","status-publish","hentry"],"_links":{"self":[{"href":"https:\/\/www.medibreak.it\/ro\/wp-json\/wp\/v2\/pages\/1214","targetHints":{"allow":["GET"]}}],"collection":[{"href":"https:\/\/www.medibreak.it\/ro\/wp-json\/wp\/v2\/pages"}],"about":[{"href":"https:\/\/www.medibreak.it\/ro\/wp-json\/wp\/v2\/types\/page"}],"author":[{"embeddable":true,"href":"https:\/\/www.medibreak.it\/ro\/wp-json\/wp\/v2\/users\/1"}],"replies":[{"embeddable":true,"href":"https:\/\/www.medibreak.it\/ro\/wp-json\/wp\/v2\/comments?post=1214"}],"version-history":[{"count":0,"href":"https:\/\/www.medibreak.it\/ro\/wp-json\/wp\/v2\/pages\/1214\/revisions"}],"wp:attachment":[{"href":"https:\/\/www.medibreak.it\/ro\/wp-json\/wp\/v2\/media?parent=1214"}],"curies":[{"name":"wp","href":"https:\/\/api.w.org\/{rel}","templated":true}]}}