{"id":1255,"date":"2022-10-24T16:02:21","date_gmt":"2022-10-24T14:02:21","guid":{"rendered":"https:\/\/www.medibreak.it\/manifestul-cafelei\/"},"modified":"2022-12-14T16:38:45","modified_gmt":"2022-12-14T15:38:45","slug":"manifestul-cafelei","status":"publish","type":"page","link":"https:\/\/www.medibreak.it\/ro\/manifestul-cafelei\/","title":{"rendered":"Manifestul cafelei"},"content":{"rendered":"\t\t<div data-elementor-type=\"wp-page\" data-elementor-id=\"1255\" class=\"elementor elementor-1255 elementor-48\" data-elementor-post-type=\"page\">\n\t\t\t\t\t\t<section class=\"elementor-section elementor-top-section elementor-element elementor-element-01b9e36 elementor-section-content-middle elementor-section-boxed elementor-section-height-default elementor-section-height-default\" data-id=\"01b9e36\" data-element_type=\"section\">\n\t\t\t\t\t\t<div class=\"elementor-container elementor-column-gap-default\">\n\t\t\t\t\t<div class=\"elementor-column elementor-col-100 elementor-top-column elementor-element elementor-element-b433fe1\" data-id=\"b433fe1\" data-element_type=\"column\">\n\t\t\t<div class=\"elementor-widget-wrap elementor-element-populated\">\n\t\t\t\t\t\t<div class=\"elementor-element elementor-element-539316f elementor-widget elementor-widget-heading\" data-id=\"539316f\" data-element_type=\"widget\" data-widget_type=\"heading.default\">\n\t\t\t\t<div class=\"elementor-widget-container\">\n\t\t\t\t\t<h1 class=\"elementor-heading-title elementor-size-default\">Pentru noi, o cafea bun\u0103 este mult mai mult dec\u00e2t o simpl\u0103 cafea<\/h1>\t\t\t\t<\/div>\n\t\t\t\t<\/div>\n\t\t\t\t\t<\/div>\n\t\t<\/div>\n\t\t\t\t\t<\/div>\n\t\t<\/section>\n\t\t\t\t<section class=\"elementor-section elementor-top-section elementor-element elementor-element-0a0d9c9 elementor-section-boxed elementor-section-height-default elementor-section-height-default\" data-id=\"0a0d9c9\" data-element_type=\"section\" data-settings=\"{&quot;background_background&quot;:&quot;classic&quot;}\">\n\t\t\t\t\t\t<div class=\"elementor-container elementor-column-gap-default\">\n\t\t\t\t\t<div class=\"elementor-column elementor-col-100 elementor-top-column elementor-element elementor-element-1c029ee\" data-id=\"1c029ee\" data-element_type=\"column\">\n\t\t\t<div class=\"elementor-widget-wrap elementor-element-populated\">\n\t\t\t\t\t\t<div class=\"elementor-element elementor-element-bbb65c1 elementor-widget elementor-widget-video\" data-id=\"bbb65c1\" data-element_type=\"widget\" data-settings=\"{&quot;video_type&quot;:&quot;hosted&quot;,&quot;mute&quot;:&quot;yes&quot;,&quot;loop&quot;:&quot;yes&quot;,&quot;show_image_overlay&quot;:&quot;yes&quot;,&quot;image_overlay&quot;:{&quot;url&quot;:&quot;http:\\\/\\\/staging.dlcaffe.com\\\/wp-content\\\/uploads\\\/DL-Caffe-placeholder-video.jpg&quot;,&quot;id&quot;:1154,&quot;size&quot;:&quot;&quot;,&quot;alt&quot;:&quot;&quot;,&quot;source&quot;:&quot;library&quot;},&quot;controls&quot;:&quot;yes&quot;}\" data-widget_type=\"video.default\">\n\t\t\t\t<div class=\"elementor-widget-container\">\n\t\t\t\t\t\t\t<div class=\"e-hosted-video elementor-wrapper elementor-open-inline\">\n\t\t\t\t\t<video class=\"elementor-video\" src=\"https:\/\/www.medibreak.it\/wp-content\/uploads\/20221020-DL-Video-Torrefazione-NoSound.mp4\" loop=\"\" controls=\"\" preload=\"metadata\" muted=\"muted\" controlsList=\"nodownload\" poster=\"https:\/\/www.medibreak.it\/wp-content\/uploads\/DL-Caffe-placeholder-video.jpg\"><\/video>\n\t\t\t\t\t\t<div class=\"elementor-custom-embed-image-overlay\" style=\"background-image: url(https:\/\/www.medibreak.it\/wp-content\/uploads\/DL-Caffe-placeholder-video.jpg);\">\n\t\t\t\t\t\t\t\t\t\t\t\t\t\t\t\t<div class=\"elementor-custom-embed-play\" role=\"button\" aria-label=\"Ruleaz\u0103 videoul\" tabindex=\"0\">\n\t\t\t\t\t\t\t<svg xmlns=\"http:\/\/www.w3.org\/2000\/svg\" xmlns:xlink=\"http:\/\/www.w3.org\/1999\/xlink\" width=\"462px\" height=\"49px\" viewBox=\"0 0 462 49\"><title>Guarda il video Copy<\/title><g id=\"UI\" stroke=\"none\" stroke-width=\"1\" fill=\"none\" fill-rule=\"evenodd\"><g id=\"DL-Manifesto-del-caff&#xE8;\" transform=\"translate(-489.000000, -814.000000)\" fill=\"#FFFFFF\" fill-rule=\"nonzero\"><g id=\"Manifesto\" transform=\"translate(0.000000, 163.000000)\"><g id=\"video\" transform=\"translate(80.000000, 196.000000)\"><g id=\"Guarda-il-video-Copy\" transform=\"translate(409.792000, 455.546000)\"><path d=\"M23.034,22.374 L23.034,29.172 L35.31,29.172 L35.31,31.152 C35.31,37.29 29.832,40.326 22.968,40.326 C14.058,40.326 8.91,33.924 8.91,25.014 C8.91,15.576 14.52,8.646 23.43,8.646 C28.908,8.646 32.67,11.22 34.056,15.378 L43.56,15.378 C42.306,7.128 35.31,0.594 23.43,0.594 C9.57,0.594 0,10.956 0,25.014 C0,38.544 8.514,48.114 21.846,48.114 C29.37,48.114 33.792,44.88 35.64,43.032 L36.168,43.032 L37.026,47.454 L43.956,47.454 L43.956,22.374 L23.034,22.374 Z\" id=\"Path\"><\/path><path d=\"M83.688,14.454 L75.24,14.454 L75.24,32.34 C75.24,38.214 71.676,40.788 67.716,40.788 C63.69,40.788 60.588,38.148 60.588,32.736 L60.588,14.454 L52.14,14.454 L52.14,34.452 C52.14,43.098 57.156,48.114 65.01,48.114 C69.96,48.114 72.732,46.134 74.712,43.56 L75.24,43.56 L75.966,47.454 L83.688,47.454 L83.688,14.454 Z\" id=\"Path\"><\/path><path d=\"M121.506,41.118 C119.922,41.118 119.13,40.326 119.13,38.61 L119.13,26.532 C119.13,17.688 112.86,13.794 105.138,13.794 C96.69,13.794 91.41,18.612 90.75,25.476 L99.198,25.476 C99.726,22.506 101.574,20.526 105.138,20.526 C108.372,20.526 110.682,22.308 110.682,25.938 L110.682,27.324 L100.386,28.38 C94.314,28.974 89.496,32.076 89.496,38.412 C89.496,44.946 94.446,48.114 101.178,48.114 C106.392,48.114 109.824,46.332 112.068,43.494 C113.19,46.53 115.632,47.454 118.734,47.454 L122.298,47.454 L122.298,41.118 L121.506,41.118 Z M110.682,34.716 C110.682,39.93 106.194,41.646 102.63,41.646 C99.99,41.646 97.944,40.722 97.944,38.082 C97.944,35.508 100.254,34.254 103.29,33.924 L110.682,33.132 L110.682,34.716 Z\" id=\"Shape\"><\/path><path d=\"M127.05,47.454 L135.498,47.454 L135.498,32.076 C135.498,27.324 137.412,21.978 144.672,21.978 C145.86,21.978 147.048,22.044 148.236,22.242 L148.236,13.794 L145.86,13.794 C140.316,13.794 138.072,15.84 136.026,19.14 L135.498,19.14 L134.706,14.454 L127.05,14.454 L127.05,47.454 Z\" id=\"Path\"><\/path><path d=\"M177.144,0.594 L177.144,17.556 C175.362,15.576 172.062,13.794 167.574,13.794 C158.928,13.794 152.064,20.13 152.064,30.888 C152.064,41.382 158.73,48.114 167.574,48.114 C172.722,48.114 175.824,45.672 177.408,43.56 L178.002,43.56 L178.728,47.454 L185.592,47.454 L185.592,0.594 L177.144,0.594 Z M168.894,40.788 C163.878,40.788 160.512,36.828 160.512,30.888 C160.512,25.08 163.878,21.12 168.894,21.12 C173.91,21.12 177.144,25.08 177.144,30.888 C177.144,36.828 173.91,40.788 168.894,40.788 Z\" id=\"Shape\"><\/path><path d=\"M224.334,41.646 C222.288,41.646 221.034,40.656 221.034,38.214 L221.034,26.532 C221.034,17.688 214.764,13.794 207.042,13.794 C198.594,13.794 193.314,18.612 192.654,25.476 L201.102,25.476 C201.63,22.506 203.478,20.526 207.042,20.526 C210.276,20.526 212.586,22.308 212.586,25.938 L212.586,27.324 L202.29,28.38 C196.218,28.974 191.4,32.076 191.4,38.412 C191.4,44.946 196.35,48.114 203.082,48.114 C208.362,48.114 211.926,46.266 214.104,43.296 C215.49,46.464 218.592,47.784 222.156,47.784 C224.136,47.784 225.324,47.52 226.578,47.058 L226.578,41.25 C225.786,41.514 225.06,41.646 224.334,41.646 Z M212.586,34.716 C212.586,39.93 208.098,41.646 204.534,41.646 C201.894,41.646 199.848,40.722 199.848,38.082 C199.848,35.508 202.158,34.254 205.194,33.924 L212.586,33.132 L212.586,34.716 Z\" id=\"Shape\"><\/path><path d=\"M250.998,10.23 C253.77,10.23 256.08,7.854 256.08,5.148 C256.08,2.244 253.77,1.13686838e-13 250.998,1.13686838e-13 C248.226,1.13686838e-13 245.784,2.244 245.784,5.148 C245.784,7.854 248.226,10.23 250.998,10.23 Z M246.774,47.454 L255.222,47.454 L255.222,14.454 L246.774,14.454 L246.774,47.454 Z\" id=\"Shape\"><\/path><polygon id=\"Path\" points=\"262.482 47.454 270.93 47.454 270.93 0.594 262.482 0.594\"><\/polygon><polygon id=\"Path\" points=\"306.108 47.454 316.206 47.454 328.812 14.454 320.166 14.454 311.52 38.676 310.992 38.676 302.214 14.454 293.502 14.454\"><\/polygon><path d=\"M337.788,10.23 C340.56,10.23 342.87,7.854 342.87,5.148 C342.87,2.244 340.56,1.13686838e-13 337.788,1.13686838e-13 C335.016,1.13686838e-13 332.574,2.244 332.574,5.148 C332.574,7.854 335.016,10.23 337.788,10.23 Z M333.564,47.454 L342.012,47.454 L342.012,14.454 L333.564,14.454 L333.564,47.454 Z\" id=\"Shape\"><\/path><path d=\"M373.494,0.594 L373.494,17.556 C371.712,15.576 368.412,13.794 363.924,13.794 C355.278,13.794 348.414,20.13 348.414,30.888 C348.414,41.382 355.08,48.114 363.924,48.114 C369.072,48.114 372.174,45.672 373.758,43.56 L374.352,43.56 L375.078,47.454 L381.942,47.454 L381.942,0.594 L373.494,0.594 Z M365.244,40.788 C360.228,40.788 356.862,36.828 356.862,30.888 C356.862,25.08 360.228,21.12 365.244,21.12 C370.26,21.12 373.494,25.08 373.494,30.888 C373.494,36.828 370.26,40.788 365.244,40.788 Z\" id=\"Shape\"><\/path><path d=\"M412.5,37.026 C411.576,39.864 408.936,41.382 405.24,41.382 C400.092,41.382 396.99,37.95 396.66,33.198 L420.42,33.198 C420.486,32.274 420.552,31.548 420.552,30.756 C420.552,18.942 413.028,13.794 404.91,13.794 C395.802,13.794 388.278,20.394 388.278,31.284 C388.278,41.448 395.406,48.114 405.24,48.114 C413.622,48.114 419.298,43.824 420.618,37.026 L412.5,37.026 Z M404.91,20.526 C409.266,20.526 412.302,23.43 412.5,27.522 L396.726,27.522 C397.32,23.562 400.356,20.526 404.91,20.526 Z\" id=\"Shape\"><\/path><path d=\"M443.652,48.114 C453.618,48.114 461.076,41.118 461.076,30.888 C461.076,20.79 453.552,13.794 443.652,13.794 C433.752,13.794 426.228,20.724 426.228,30.888 C426.228,41.052 433.818,48.114 443.652,48.114 Z M443.652,40.788 C438.24,40.788 434.676,36.432 434.676,30.888 C434.676,25.41 438.24,21.12 443.652,21.12 C449.064,21.12 452.694,25.41 452.694,30.888 C452.694,36.432 449.13,40.788 443.652,40.788 Z\" id=\"Shape\"><\/path><\/g><\/g><\/g><\/g><\/g><\/svg>\t\t\t\t\t\t<\/div>\n\t\t\t\t\t\t\t\t\t<\/div>\n\t\t\t\t\t<\/div>\n\t\t\t\t\t\t<\/div>\n\t\t\t\t<\/div>\n\t\t\t\t\t<\/div>\n\t\t<\/div>\n\t\t\t\t\t<\/div>\n\t\t<\/section>\n\t\t\t\t<section class=\"elementor-section elementor-top-section elementor-element elementor-element-8f2aac0 elementor-section-boxed elementor-section-height-default elementor-section-height-default\" data-id=\"8f2aac0\" data-element_type=\"section\" data-settings=\"{&quot;background_background&quot;:&quot;classic&quot;}\">\n\t\t\t\t\t\t<div class=\"elementor-container elementor-column-gap-default\">\n\t\t\t\t\t<div class=\"elementor-column elementor-col-100 elementor-top-column elementor-element elementor-element-b703c1d\" data-id=\"b703c1d\" data-element_type=\"column\">\n\t\t\t<div class=\"elementor-widget-wrap elementor-element-populated\">\n\t\t\t\t\t\t<div class=\"elementor-element elementor-element-e3edee1 elementor-widget elementor-widget-text-editor\" data-id=\"e3edee1\" data-element_type=\"widget\" data-widget_type=\"text-editor.default\">\n\t\t\t\t<div class=\"elementor-widget-container\">\n\t\t\t\t\t\t\t\t\t<p>De fiecare dat\u0103 c\u00e2nd sorbim o \u00eenghi\u021bitur\u0103, ne \u00eentreb\u0103m: ce face ca o cafea s\u0103 fie o \u00eentr-adev\u0103r o cafea bun\u0103?<\/p>\n\t\t\t\t\t\t\t\t<\/div>\n\t\t\t\t<\/div>\n\t\t\t\t<div class=\"elementor-element elementor-element-0358a5e e-transform elementor-widget elementor-widget-image\" data-id=\"0358a5e\" data-element_type=\"widget\" data-settings=\"{&quot;_transform_translateY_effect&quot;:{&quot;unit&quot;:&quot;px&quot;,&quot;size&quot;:50,&quot;sizes&quot;:[]},&quot;_transform_translateY_effect_tablet&quot;:{&quot;unit&quot;:&quot;px&quot;,&quot;size&quot;:0,&quot;sizes&quot;:[]},&quot;_transform_translateX_effect&quot;:{&quot;unit&quot;:&quot;px&quot;,&quot;size&quot;:&quot;&quot;,&quot;sizes&quot;:[]},&quot;_transform_translateX_effect_tablet&quot;:{&quot;unit&quot;:&quot;px&quot;,&quot;size&quot;:&quot;&quot;,&quot;sizes&quot;:[]},&quot;_transform_translateX_effect_mobile&quot;:{&quot;unit&quot;:&quot;px&quot;,&quot;size&quot;:&quot;&quot;,&quot;sizes&quot;:[]},&quot;_transform_translateY_effect_mobile&quot;:{&quot;unit&quot;:&quot;px&quot;,&quot;size&quot;:&quot;&quot;,&quot;sizes&quot;:[]}}\" data-widget_type=\"image.default\">\n\t\t\t\t<div class=\"elementor-widget-container\">\n\t\t\t\t\t\t\t\t\t\t\t\t\t\t\t<img fetchpriority=\"high\" decoding=\"async\" width=\"1380\" height=\"1200\" src=\"https:\/\/www.medibreak.it\/wp-content\/uploads\/DL-Caffe-Hero-pack-1.png\" class=\"attachment-full size-full wp-image-1098\" alt=\"\" srcset=\"https:\/\/www.medibreak.it\/wp-content\/uploads\/DL-Caffe-Hero-pack-1.png 1380w, https:\/\/www.medibreak.it\/wp-content\/uploads\/DL-Caffe-Hero-pack-1-300x261.png 300w, https:\/\/www.medibreak.it\/wp-content\/uploads\/DL-Caffe-Hero-pack-1-1024x890.png 1024w, https:\/\/www.medibreak.it\/wp-content\/uploads\/DL-Caffe-Hero-pack-1-150x130.png 150w, https:\/\/www.medibreak.it\/wp-content\/uploads\/DL-Caffe-Hero-pack-1-768x668.png 768w, https:\/\/www.medibreak.it\/wp-content\/uploads\/DL-Caffe-Hero-pack-1-600x522.png 600w\" sizes=\"(max-width: 1380px) 100vw, 1380px\" \/>\t\t\t\t\t\t\t\t\t\t\t\t\t\t\t<\/div>\n\t\t\t\t<\/div>\n\t\t\t\t\t<\/div>\n\t\t<\/div>\n\t\t\t\t\t<\/div>\n\t\t<\/section>\n\t\t\t\t<section class=\"elementor-section elementor-top-section elementor-element elementor-element-5d3678f elementor-section-boxed elementor-section-height-default elementor-section-height-default\" data-id=\"5d3678f\" data-element_type=\"section\" data-settings=\"{&quot;background_background&quot;:&quot;classic&quot;}\">\n\t\t\t\t\t\t<div class=\"elementor-container elementor-column-gap-default\">\n\t\t\t\t\t<div class=\"elementor-column elementor-col-50 elementor-top-column elementor-element elementor-element-71f1e90\" data-id=\"71f1e90\" data-element_type=\"column\">\n\t\t\t<div class=\"elementor-widget-wrap elementor-element-populated\">\n\t\t\t\t\t\t<div class=\"elementor-element elementor-element-24644c1 elementor-widget elementor-widget-text-editor\" data-id=\"24644c1\" data-element_type=\"widget\" data-widget_type=\"text-editor.default\">\n\t\t\t\t<div class=\"elementor-widget-container\">\n\t\t\t\t\t\t\t\t\t<p><strong>Poate c\u0103 este vorba de aten\u021bia pe care o acord\u0103m fiec\u0103rui detaliu \u00een parte. Poate c\u0103 este vorba de aromele Arabica \u0219i Robusta pe care le select\u0103m cu grij\u0103 din \u0219ase \u021b\u0103ri diferite. Poate c\u0103 este vorba de metoda noastr\u0103 de produc\u021bie artizanal\u0103.<\/strong><\/p>\n<p>Sau poate c\u0103 este vorba de faptul c\u0103, \u00een calitatea noastr\u0103 de buni italieni, \u0219tim c\u0103 nu exist\u0103 un moment mai bun dec\u00e2t o pauz\u0103 petrecut\u0103 \u00een mod frumos.<\/p>\t\t\t\t\t\t\t\t<\/div>\n\t\t\t\t<\/div>\n\t\t\t\t<div class=\"elementor-element elementor-element-c138fb2 elementor-align-left elementor-tablet-align-center elementor-mobile-align-center elementor-widget elementor-widget-button\" data-id=\"c138fb2\" data-element_type=\"widget\" data-widget_type=\"button.default\">\n\t\t\t\t<div class=\"elementor-widget-container\">\n\t\t\t\t\t\t\t\t\t<div class=\"elementor-button-wrapper\">\n\t\t\t\t\t<a class=\"elementor-button elementor-button-link elementor-size-md\" href=\"https:\/\/www.medibreak.it\/ro\/prajire\/\">\n\t\t\t\t\t\t<span class=\"elementor-button-content-wrapper\">\n\t\t\t\t\t\t\t\t\t<span class=\"elementor-button-text\">Descoperi\u021bi pr\u0103jirea<\/span>\n\t\t\t\t\t<\/span>\n\t\t\t\t\t<\/a>\n\t\t\t\t<\/div>\n\t\t\t\t\t\t\t\t<\/div>\n\t\t\t\t<\/div>\n\t\t\t\t\t<\/div>\n\t\t<\/div>\n\t\t\t\t<div class=\"elementor-column elementor-col-50 elementor-top-column elementor-element elementor-element-f5e60c2\" data-id=\"f5e60c2\" data-element_type=\"column\">\n\t\t\t<div class=\"elementor-widget-wrap elementor-element-populated\">\n\t\t\t\t\t\t<div class=\"elementor-element elementor-element-a059472 elementor-widget elementor-widget-image\" data-id=\"a059472\" data-element_type=\"widget\" data-widget_type=\"image.default\">\n\t\t\t\t<div class=\"elementor-widget-container\">\n\t\t\t\t\t\t\t\t\t\t\t\t\t\t\t<img decoding=\"async\" width=\"1620\" height=\"1250\" src=\"https:\/\/www.medibreak.it\/wp-content\/uploads\/DL-Caffe-Torrefazione.jpg\" class=\"attachment-full size-full wp-image-1114\" alt=\"\" srcset=\"https:\/\/www.medibreak.it\/wp-content\/uploads\/DL-Caffe-Torrefazione.jpg 1620w, https:\/\/www.medibreak.it\/wp-content\/uploads\/DL-Caffe-Torrefazione-300x231.jpg 300w, https:\/\/www.medibreak.it\/wp-content\/uploads\/DL-Caffe-Torrefazione-1024x790.jpg 1024w, https:\/\/www.medibreak.it\/wp-content\/uploads\/DL-Caffe-Torrefazione-150x116.jpg 150w, https:\/\/www.medibreak.it\/wp-content\/uploads\/DL-Caffe-Torrefazione-768x593.jpg 768w, https:\/\/www.medibreak.it\/wp-content\/uploads\/DL-Caffe-Torrefazione-1536x1185.jpg 1536w, https:\/\/www.medibreak.it\/wp-content\/uploads\/DL-Caffe-Torrefazione-600x463.jpg 600w\" sizes=\"(max-width: 1620px) 100vw, 1620px\" \/>\t\t\t\t\t\t\t\t\t\t\t\t\t\t\t<\/div>\n\t\t\t\t<\/div>\n\t\t\t\t\t<\/div>\n\t\t<\/div>\n\t\t\t\t\t<\/div>\n\t\t<\/section>\n\t\t\t\t<section class=\"elementor-section elementor-top-section elementor-element elementor-element-9e4e1fe elementor-section-boxed elementor-section-height-default elementor-section-height-default\" data-id=\"9e4e1fe\" data-element_type=\"section\">\n\t\t\t\t\t\t<div class=\"elementor-container elementor-column-gap-default\">\n\t\t\t\t\t<div class=\"elementor-column elementor-col-100 elementor-top-column elementor-element elementor-element-b8e190f\" data-id=\"b8e190f\" data-element_type=\"column\">\n\t\t\t<div class=\"elementor-widget-wrap elementor-element-populated\">\n\t\t\t\t\t\t<div class=\"elementor-element elementor-element-18e58e7 elementor-widget elementor-widget-image\" data-id=\"18e58e7\" data-element_type=\"widget\" data-widget_type=\"image.default\">\n\t\t\t\t<div class=\"elementor-widget-container\">\n\t\t\t\t\t\t\t\t\t\t\t\t\t\t\t<img decoding=\"async\" width=\"256\" height=\"66\" src=\"https:\/\/www.medibreak.it\/wp-content\/uploads\/DL-Caffe-icon-chicchi-red.jpg\" class=\"attachment-full size-full wp-image-1152\" alt=\"\" srcset=\"https:\/\/www.medibreak.it\/wp-content\/uploads\/DL-Caffe-icon-chicchi-red.jpg 256w, https:\/\/www.medibreak.it\/wp-content\/uploads\/DL-Caffe-icon-chicchi-red-150x39.jpg 150w\" sizes=\"(max-width: 256px) 100vw, 256px\" \/>\t\t\t\t\t\t\t\t\t\t\t\t\t\t\t<\/div>\n\t\t\t\t<\/div>\n\t\t\t\t<div class=\"elementor-element elementor-element-ed64cc9 elementor-widget elementor-widget-heading\" data-id=\"ed64cc9\" data-element_type=\"widget\" data-widget_type=\"heading.default\">\n\t\t\t\t<div class=\"elementor-widget-container\">\n\t\t\t\t\t<h2 class=\"elementor-heading-title elementor-size-default\">G\u0103si\u021bi amestecul potrivit pentru dumneavoastr\u0103<\/h2>\t\t\t\t<\/div>\n\t\t\t\t<\/div>\n\t\t\t\t<div class=\"elementor-element elementor-element-81a4b6e elementor-widget elementor-widget-text-editor\" data-id=\"81a4b6e\" data-element_type=\"widget\" data-widget_type=\"text-editor.default\">\n\t\t\t\t<div class=\"elementor-widget-container\">\n\t\t\t\t\t\t\t\t\t<p>V\u0103 prezent\u0103m amestecurile noastre: le realiz\u0103m cu mult\u0103 dragoste, cu cele mai bune boabe ce provin din \u00eentreaga lume.<\/p>\n\t\t\t\t\t\t\t\t<\/div>\n\t\t\t\t<\/div>\n\t\t\t\t<div class=\"elementor-element elementor-element-329fdab elementor-align-center elementor-widget elementor-widget-button\" data-id=\"329fdab\" data-element_type=\"widget\" data-widget_type=\"button.default\">\n\t\t\t\t<div class=\"elementor-widget-container\">\n\t\t\t\t\t\t\t\t\t<div class=\"elementor-button-wrapper\">\n\t\t\t\t\t<a class=\"elementor-button elementor-button-link elementor-size-md\" href=\"https:\/\/www.medibreak.it\/ro\/negozio\/\">\n\t\t\t\t\t\t<span class=\"elementor-button-content-wrapper\">\n\t\t\t\t\t\t\t\t\t<span class=\"elementor-button-text\">Descoper\u0103-le pe toate<\/span>\n\t\t\t\t\t<\/span>\n\t\t\t\t\t<\/a>\n\t\t\t\t<\/div>\n\t\t\t\t\t\t\t\t<\/div>\n\t\t\t\t<\/div>\n\t\t\t\t\t<\/div>\n\t\t<\/div>\n\t\t\t\t\t<\/div>\n\t\t<\/section>\n\t\t\t\t<section class=\"elementor-section elementor-top-section elementor-element elementor-element-31fa52f elementor-section-boxed elementor-section-height-default elementor-section-height-default\" data-id=\"31fa52f\" data-element_type=\"section\">\n\t\t\t\t\t\t<div class=\"elementor-container elementor-column-gap-default\">\n\t\t\t\t\t<div class=\"elementor-column elementor-col-100 elementor-top-column elementor-element elementor-element-f811bb6\" data-id=\"f811bb6\" data-element_type=\"column\">\n\t\t\t<div class=\"elementor-widget-wrap elementor-element-populated\">\n\t\t\t\t\t\t<div class=\"elementor-element elementor-element-3270cdf elementor-widget elementor-widget-image\" data-id=\"3270cdf\" data-element_type=\"widget\" data-widget_type=\"image.default\">\n\t\t\t\t<div class=\"elementor-widget-container\">\n\t\t\t\t\t\t\t\t\t\t\t\t\t\t\t<img loading=\"lazy\" decoding=\"async\" width=\"1440\" height=\"635\" src=\"https:\/\/www.medibreak.it\/wp-content\/uploads\/DL-Caffe-Gamma-Pack.png\" class=\"attachment-full size-full wp-image-1104\" alt=\"\" srcset=\"https:\/\/www.medibreak.it\/wp-content\/uploads\/DL-Caffe-Gamma-Pack.png 1440w, https:\/\/www.medibreak.it\/wp-content\/uploads\/DL-Caffe-Gamma-Pack-300x132.png 300w, https:\/\/www.medibreak.it\/wp-content\/uploads\/DL-Caffe-Gamma-Pack-1024x452.png 1024w, https:\/\/www.medibreak.it\/wp-content\/uploads\/DL-Caffe-Gamma-Pack-150x66.png 150w, https:\/\/www.medibreak.it\/wp-content\/uploads\/DL-Caffe-Gamma-Pack-768x339.png 768w, https:\/\/www.medibreak.it\/wp-content\/uploads\/DL-Caffe-Gamma-Pack-600x265.png 600w\" sizes=\"(max-width: 1440px) 100vw, 1440px\" \/>\t\t\t\t\t\t\t\t\t\t\t\t\t\t\t<\/div>\n\t\t\t\t<\/div>\n\t\t\t\t\t<\/div>\n\t\t<\/div>\n\t\t\t\t\t<\/div>\n\t\t<\/section>\n\t\t\t\t<\/div>\n\t\t","protected":false},"excerpt":{"rendered":"<p>Pentru noi, o cafea bun\u0103 este mult mai mult dec\u00e2t o simpl\u0103 cafea https:\/\/www.medibreak.it\/wp-content\/uploads\/20221020-DL-Video-Torrefazione-NoSound.mp4 De fiecare dat\u0103 c\u00e2nd sorbim o \u00eenghi\u021bitur\u0103, ne \u00eentreb\u0103m: ce face ca o cafea s\u0103 fie o \u00eentr-adev\u0103r o cafea bun\u0103? Poate c\u0103 este vorba de aten\u021bia pe care o acord\u0103m fiec\u0103rui detaliu \u00een parte. Poate c\u0103 este vorba de aromele [&hellip;]<\/p>\n","protected":false},"author":1,"featured_media":0,"parent":0,"menu_order":1,"comment_status":"closed","ping_status":"closed","template":"","meta":{"footnotes":""},"class_list":["post-1255","page","type-page","status-publish","hentry"],"_links":{"self":[{"href":"https:\/\/www.medibreak.it\/ro\/wp-json\/wp\/v2\/pages\/1255","targetHints":{"allow":["GET"]}}],"collection":[{"href":"https:\/\/www.medibreak.it\/ro\/wp-json\/wp\/v2\/pages"}],"about":[{"href":"https:\/\/www.medibreak.it\/ro\/wp-json\/wp\/v2\/types\/page"}],"author":[{"embeddable":true,"href":"https:\/\/www.medibreak.it\/ro\/wp-json\/wp\/v2\/users\/1"}],"replies":[{"embeddable":true,"href":"https:\/\/www.medibreak.it\/ro\/wp-json\/wp\/v2\/comments?post=1255"}],"version-history":[{"count":0,"href":"https:\/\/www.medibreak.it\/ro\/wp-json\/wp\/v2\/pages\/1255\/revisions"}],"wp:attachment":[{"href":"https:\/\/www.medibreak.it\/ro\/wp-json\/wp\/v2\/media?parent=1255"}],"curies":[{"name":"wp","href":"https:\/\/api.w.org\/{rel}","templated":true}]}}