{"id":1307,"date":"2022-10-26T12:51:54","date_gmt":"2022-10-26T10:51:54","guid":{"rendered":"https:\/\/www.medibreak.it\/prodotto\/super-3000\/"},"modified":"2025-04-11T16:38:16","modified_gmt":"2025-04-11T14:38:16","slug":"super-3000","status":"publish","type":"product","link":"https:\/\/www.medibreak.it\/ro\/prodotto\/super-3000\/","title":{"rendered":"Super 3000"},"content":{"rendered":"<p>Cafea 100% Arabica cu note delicate si o aroma inconfundabila: lasa-te cucerit de dulceata neasteptata si gustul rotunjit al Super 3000.<\/p>\n","protected":false},"excerpt":{"rendered":"<p>Arom\u0103 delicat\u0103, inconfundabil\u0103<\/p>\n","protected":false},"featured_media":1739,"template":"","meta":[],"product_brand":[],"product_cat":[56],"product_tag":[88],"class_list":{"0":"post-1307","1":"product","2":"type-product","3":"status-publish","4":"has-post-thumbnail","6":"product_cat-amestecuri-in-boabe","7":"product_tag-super-3000-ro","9":"first","10":"instock","11":"shipping-taxable","12":"purchasable","13":"product-type-simple"},"_links":{"self":[{"href":"https:\/\/www.medibreak.it\/ro\/wp-json\/wp\/v2\/product\/1307","targetHints":{"allow":["GET"]}}],"collection":[{"href":"https:\/\/www.medibreak.it\/ro\/wp-json\/wp\/v2\/product"}],"about":[{"href":"https:\/\/www.medibreak.it\/ro\/wp-json\/wp\/v2\/types\/product"}],"wp:featuredmedia":[{"embeddable":true,"href":"https:\/\/www.medibreak.it\/ro\/wp-json\/wp\/v2\/media\/1739"}],"wp:attachment":[{"href":"https:\/\/www.medibreak.it\/ro\/wp-json\/wp\/v2\/media?parent=1307"}],"wp:term":[{"taxonomy":"product_brand","embeddable":true,"href":"https:\/\/www.medibreak.it\/ro\/wp-json\/wp\/v2\/product_brand?post=1307"},{"taxonomy":"product_cat","embeddable":true,"href":"https:\/\/www.medibreak.it\/ro\/wp-json\/wp\/v2\/product_cat?post=1307"},{"taxonomy":"product_tag","embeddable":true,"href":"https:\/\/www.medibreak.it\/ro\/wp-json\/wp\/v2\/product_tag?post=1307"}],"curies":[{"name":"wp","href":"https:\/\/api.w.org\/{rel}","templated":true}]}}