{"id":1309,"date":"2022-10-26T12:45:43","date_gmt":"2022-10-26T10:45:43","guid":{"rendered":"https:\/\/www.medibreak.it\/prodotto\/gran-crema\/"},"modified":"2025-04-11T16:37:23","modified_gmt":"2025-04-11T14:37:23","slug":"gran-crema","status":"publish","type":"product","link":"https:\/\/www.medibreak.it\/ro\/prodotto\/gran-crema\/","title":{"rendered":"Gran Crema"},"content":{"rendered":"<p>Aromatic\u0103, dulce, catifelat\u0103: Gran Crema este f\u0103cut\u0103 din cafele mono-origine Arabica \u0219i Robusta din cele mai bune planta\u021bii.<br \/>\nLasa-te invaluit de notele florale si nota de cacao ale unei cafele exceptional de cremoase.<\/p>\n","protected":false},"excerpt":{"rendered":"<p>Aromat\u0103, dulce, catifelat\u0103<\/p>\n","protected":false},"featured_media":1733,"template":"","meta":[],"product_brand":[],"product_cat":[56],"product_tag":[87],"class_list":{"0":"post-1309","1":"product","2":"type-product","3":"status-publish","4":"has-post-thumbnail","6":"product_cat-amestecuri-in-boabe","7":"product_tag-gran-crema-ro","9":"first","10":"instock","11":"shipping-taxable","12":"purchasable","13":"product-type-simple"},"_links":{"self":[{"href":"https:\/\/www.medibreak.it\/ro\/wp-json\/wp\/v2\/product\/1309","targetHints":{"allow":["GET"]}}],"collection":[{"href":"https:\/\/www.medibreak.it\/ro\/wp-json\/wp\/v2\/product"}],"about":[{"href":"https:\/\/www.medibreak.it\/ro\/wp-json\/wp\/v2\/types\/product"}],"wp:featuredmedia":[{"embeddable":true,"href":"https:\/\/www.medibreak.it\/ro\/wp-json\/wp\/v2\/media\/1733"}],"wp:attachment":[{"href":"https:\/\/www.medibreak.it\/ro\/wp-json\/wp\/v2\/media?parent=1309"}],"wp:term":[{"taxonomy":"product_brand","embeddable":true,"href":"https:\/\/www.medibreak.it\/ro\/wp-json\/wp\/v2\/product_brand?post=1309"},{"taxonomy":"product_cat","embeddable":true,"href":"https:\/\/www.medibreak.it\/ro\/wp-json\/wp\/v2\/product_cat?post=1309"},{"taxonomy":"product_tag","embeddable":true,"href":"https:\/\/www.medibreak.it\/ro\/wp-json\/wp\/v2\/product_tag?post=1309"}],"curies":[{"name":"wp","href":"https:\/\/api.w.org\/{rel}","templated":true}]}}